{"id":7,"date":"2015-10-21T13:36:51","date_gmt":"2015-10-21T17:36:51","guid":{"rendered":"http:\/\/fayettesheriff.com\/wordpress\/?page_id=7"},"modified":"2026-01-22T13:39:56","modified_gmt":"2026-01-22T18:39:56","slug":"careers","status":"publish","type":"page","link":"https:\/\/www.fayettesheriff.com\/?page_id=7","title":{"rendered":"Careers"},"content":{"rendered":"<p>[et_pb_section fb_built=&#8221;1&#8243; custom_padding_last_edited=&#8221;on|desktop&#8221; admin_label=&#8221;Section&#8221; _builder_version=&#8221;4.16&#8243; custom_padding_tablet=&#8221;50px|0|50px|0&#8243; custom_css_main_element=&#8221;background-color: #715f5a;||background-image: linear-gradient(#47342f, #715f5a);||background-repeat: no-repeat;&#8221; transparent_background=&#8221;off&#8221; padding_mobile=&#8221;off&#8221; make_fullwidth=&#8221;off&#8221; use_custom_width=&#8221;off&#8221; width_unit=&#8221;on&#8221; global_colors_info=&#8221;{}&#8221; custom_padding_phone=&#8221;50px|0|50px|0&#8243;][et_pb_row padding_mobile=&#8221;off&#8221; column_padding_mobile=&#8221;on&#8221; admin_label=&#8221;Row&#8221; _builder_version=&#8221;4.16&#8243; background_size=&#8221;initial&#8221; background_position=&#8221;top_left&#8221; background_repeat=&#8221;repeat&#8221; make_fullwidth=&#8221;off&#8221; use_custom_width=&#8221;off&#8221; width_unit=&#8221;on&#8221; global_colors_info=&#8221;{}&#8221; column_structure=&#8221;1_3,2_3&#8243;][et_pb_column type=&#8221;1_3&#8243; _builder_version=&#8221;4.16&#8243; custom_padding=&#8221;|||&#8221; global_colors_info=&#8221;{}&#8221; custom_padding__hover=&#8221;|||&#8221;][et_pb_text disabled_on=&#8221;on|on|&#8221; admin_label=&#8221;Masthead Left Top: Heading&#8221; _builder_version=&#8221;3.0.87&#8243; text_font_size=&#8221;8&#8243; background_size=&#8221;initial&#8221; background_position=&#8221;top_left&#8221; background_repeat=&#8221;repeat&#8221; background_layout=&#8221;dark&#8221; use_border_color=&#8221;off&#8221; border_color=&#8221;#ffffff&#8221; border_style=&#8221;solid&#8221; global_module=&#8221;761&#8243; saved_tabs=&#8221;all&#8221; global_colors_info=&#8221;{}&#8221;]<\/p>\n<p style=\"font-weight: bold; font-size: 30px; line-height: 1; text-shadow: 0px 1px 2px rgba(0, 0, 0, 0.5);\"><span style=\"font-size: 12pt;\">Kathy H. Witt<\/span><br \/><span style=\"font-size: 12pt;\">Sheriff<\/span><\/p>\n<p>[\/et_pb_text][et_pb_image src=&#8221;http:\/\/fayettesheriff.com\/wordpress\/wp-content\/uploads\/2015\/10\/sheriff-witt_160x220.jpg&#8221; alt=&#8221;Sheriff Kathy H. Witt&#8221; align_tablet=&#8221;center&#8221; align_last_edited=&#8221;on|desktop&#8221; disabled_on=&#8221;on|on|&#8221; admin_label=&#8221;Masthead Left Center: Image&#8221; _builder_version=&#8221;4.27.4&#8243; animation_style=&#8221;slide&#8221; animation_direction=&#8221;left&#8221; animation_duration=&#8221;500ms&#8221; animation_intensity_slide=&#8221;10%&#8221; use_border_color=&#8221;off&#8221; border_color=&#8221;#ffffff&#8221; border_style=&#8221;solid&#8221; animation=&#8221;off&#8221; sticky=&#8221;off&#8221; always_center_on_mobile=&#8221;on&#8221; global_module=&#8221;760&#8243; saved_tabs=&#8221;all&#8221; global_colors_info=&#8221;{}&#8221; align_phone=&#8221;center&#8221;][\/et_pb_image][et_pb_text disabled_on=&#8221;on|on|&#8221; admin_label=&#8221;Masthead Left Bottom: Contact Info&#8221; _builder_version=&#8221;4.19.4&#8243; text_font_size=&#8221;13&#8243; text_line_height=&#8221;1.5em&#8221; background_size=&#8221;initial&#8221; background_position=&#8221;top_left&#8221; background_repeat=&#8221;repeat&#8221; background_layout=&#8221;dark&#8221; use_border_color=&#8221;off&#8221; border_color=&#8221;#ffffff&#8221; border_style=&#8221;solid&#8221; global_module=&#8221;762&#8243; saved_tabs=&#8221;all&#8221; global_colors_info=&#8221;{}&#8221;]<\/p>\n<p>150 N. Limestone, Suite 265<br \/> Lexington, KY 40507<br \/> TEL: <span style=\"text-decoration: underline; color: #ffffff;\"><a style=\"color: #ffffff; text-decoration: underline;\" href=\"tel:+8592521771\">(859) 252-1771<\/a><\/span><br \/> FAX: 859-259-0973<br \/> <span style=\"text-decoration: underline;\"><span style=\"color: #ffffff;\"><a style=\"color: #ffffff; text-decoration: underline;\" href=\"mailto:fayettesheriff@fayettesheriff.com\">fayettesheriff@fayettesheriff.com<\/a><\/span><\/span><\/p>\n<div style=\"overflow: auto; position: absolute; height: 0pt; width: 0pt;\">\n\u0627\u0628\u0642 \u0639\u0644\u0649 \u0627\u0637\u0644\u0627\u0639 \u062f\u0627\u0626\u0645 \u0628\u062c\u0645\u064a\u0639 \u0627\u0644\u0643\u0627\u0632\u064a\u0646\u0648\u0647\u0627\u062a \u0627\u0644\u062c\u062f\u064a\u062f\u0629 \u0639\u0644\u0649 \u0627\u0644\u0625\u0646\u062a\u0631\u0646\u062a \u0639\u0644\u0649 \u0645\u0648\u0642\u0639\u0646\u0627 &#8211;<a href=\"https:\/\/egypt-1xbet.com\/\">1xbet casino<\/a> !  Juegue al casino en l\u00ednea sin riesgos &#8211; <a href=\"https:\/\/pinnacle-colombia.co\/\">Pinnacle<\/a> !  <a href=\"https:\/\/greatwin-win.de\/\">Greatwin<\/a> -Kommen Sie und melden Sie sich an, ein gutes Spiel wartet bereits auf Sie! Las mejores tragamonedas y ruletas solo con nosotros en &#8211; <a href=\"https:\/\/cyber-bet.cl\/\">Cyberbet<\/a> ! De nombreux jeux, une grande s\u00e9lection de machines \u00e0 sous, le tout au m\u00eame endroit &#8211; <a href=\"https:\/\/wins-park.fr\/=\">Winspark<\/a>!\n<\/div>\n<p>[\/et_pb_text][\/et_pb_column][et_pb_column type=&#8221;2_3&#8243; _builder_version=&#8221;4.16&#8243; custom_padding=&#8221;|||&#8221; global_colors_info=&#8221;{}&#8221; custom_padding__hover=&#8221;|||&#8221;][et_pb_text admin_label=&#8221;Text&#8221; _builder_version=&#8221;4.16&#8243; text_font_size=&#8221;13&#8243; background_size=&#8221;initial&#8221; background_position=&#8221;top_left&#8221; background_repeat=&#8221;repeat&#8221; background_layout=&#8221;dark&#8221; use_border_color=&#8221;off&#8221; border_color=&#8221;#ffffff&#8221; border_style=&#8221;solid&#8221; global_colors_info=&#8221;{}&#8221;]<\/p>\n<h1><strong>Careers<\/strong><\/h1>\n<p>Thank you for your interest in Joining Our Team at the Office of the Fayette County Sheriff! The Office of the Fayette County Sheriff accepts applications for employment on a continual basis in order to fill both current and future positions. You may download an application for employment or pick-up an application at our Office, Monday through Friday from 8:00AM to 4:00PM.<\/p>\n<p>[\/et_pb_text][et_pb_button button_url=&#8221;http:\/\/fayettesheriff.com\/wordpress\/wp-content\/uploads\/2015\/10\/employment-application-2014-fillable.pdf&#8221; button_text=&#8221;Download Application&#8221; button_alignment=&#8221;center&#8221; admin_label=&#8221;Download Button&#8221; _builder_version=&#8221;4.16&#8243; custom_button=&#8221;on&#8221; button_text_color=&#8221;#ffffff&#8221; button_bg_color=&#8221;#0069d6&#8243; button_border_width=&#8221;0&#8243; button_icon=&#8221;&#x3f;||divi||400&#8243; button_letter_spacing_hover=&#8221;1&#8243; button_bg_color_hover=&#8221;#0069d6&#8243; saved_tabs=&#8221;all&#8221; global_colors_info=&#8221;{}&#8221; button_text_size__hover_enabled=&#8221;off&#8221; button_one_text_size__hover_enabled=&#8221;off&#8221; button_two_text_size__hover_enabled=&#8221;off&#8221; button_text_color__hover_enabled=&#8221;off&#8221; button_one_text_color__hover_enabled=&#8221;off&#8221; button_two_text_color__hover_enabled=&#8221;off&#8221; button_border_width__hover_enabled=&#8221;off&#8221; button_one_border_width__hover_enabled=&#8221;off&#8221; button_two_border_width__hover_enabled=&#8221;off&#8221; button_border_color__hover_enabled=&#8221;off&#8221; button_one_border_color__hover_enabled=&#8221;off&#8221; button_two_border_color__hover_enabled=&#8221;off&#8221; button_border_radius__hover_enabled=&#8221;off&#8221; button_one_border_radius__hover_enabled=&#8221;off&#8221; button_two_border_radius__hover_enabled=&#8221;off&#8221; button_letter_spacing__hover_enabled=&#8221;on&#8221; button_letter_spacing__hover=&#8221;1&#8243; button_one_letter_spacing__hover_enabled=&#8221;off&#8221; button_two_letter_spacing__hover_enabled=&#8221;off&#8221; button_bg_color__hover_enabled=&#8221;on&#8221; button_bg_color__hover=&#8221;#0069d6&#8243; button_one_bg_color__hover_enabled=&#8221;off&#8221; button_two_bg_color__hover_enabled=&#8221;off&#8221;] [\/et_pb_button][\/et_pb_column][\/et_pb_row][\/et_pb_section][et_pb_section fb_built=&#8221;1&#8243; custom_padding_last_edited=&#8221;on|desktop&#8221; admin_label=&#8221;Body Section 2\/3 Content 1\/3 Logo w\/ Parallax BG Seal&#8221; module_class=&#8221;sectionbg&#8221; _builder_version=&#8221;4.16&#8243; parallax=&#8221;on&#8221; custom_padding_tablet=&#8221;50px|0|50px|0&#8243; transparent_background=&#8221;off&#8221; padding_mobile=&#8221;off&#8221; make_fullwidth=&#8221;off&#8221; use_custom_width=&#8221;off&#8221; width_unit=&#8221;on&#8221; global_colors_info=&#8221;{}&#8221; custom_padding_phone=&#8221;50px|0|50px|0&#8243;][et_pb_row admin_label=&#8221;Row&#8221; _builder_version=&#8221;4.16&#8243; background_size=&#8221;initial&#8221; background_position=&#8221;top_left&#8221; background_repeat=&#8221;repeat&#8221; global_colors_info=&#8221;{}&#8221; column_structure=&#8221;1_2,1_2&#8243;][et_pb_column type=&#8221;1_2&#8243; _builder_version=&#8221;4.16&#8243; custom_padding=&#8221;|||&#8221; global_colors_info=&#8221;{}&#8221; custom_padding__hover=&#8221;|||&#8221;][et_pb_text admin_label=&#8221;Text&#8221; _builder_version=&#8221;4.16&#8243; background_size=&#8221;initial&#8221; background_position=&#8221;top_left&#8221; background_repeat=&#8221;repeat&#8221; use_border_color=&#8221;off&#8221; border_color=&#8221;#ffffff&#8221; border_style=&#8221;solid&#8221; global_colors_info=&#8221;{}&#8221;]<\/p>\n<div class=\"span8\">\n<h3><strong>Applying to the Office of the Fayette County Sheriff<\/strong><\/h3>\n<p>Please note, the application is now a fillable pdf, meaning you can type in the boxes on the application, then click the PRINT button to print the application. If you save the application to your computer, it will NOT be filled in. It will only be the blank application. You may then scan and attached the printed application, along with copies of the following data and email to <strong><a href=\"mailto:mcox@fayettesheriff.com\">Melony Cox<\/a><\/strong> prior to your appointment at the Sheriff&#8217;s Office. When submitting an application for employment, you must also supply copies of the following:<\/p>\n<ul>\n<li>Your birth certificate<\/li>\n<li>Your driver&#8217;s license<\/li>\n<li>Your high school diploma or GED<\/li>\n<li>College or other educational diplomas or transcripts<\/li>\n<li>Your DD-214 military discharge papers, if applicable. The DD-214 must indicate &#8220;Type of Separation&#8221; and &#8220;Character of Service&#8221;.<\/li>\n<\/ul>\n<p>Please contact <strong><a href=\"mailto:mcox@fayettesheriff.com\">Melony Cox<\/a><\/strong>, Director of Human Resources, for additional information.<\/div>\n<p>&nbsp;<\/p>\n<p><em><span style=\"font-size: 8pt;\">Note: If you have applied within the last 12 months, you need not re-apply, as your applications will already be on file.<\/span><\/em><\/p>\n<p>&nbsp;<\/p>\n<p>&nbsp;<\/p>\n<p>[\/et_pb_text][\/et_pb_column][et_pb_column type=&#8221;1_2&#8243; _builder_version=&#8221;4.16&#8243; custom_padding=&#8221;|||&#8221; global_colors_info=&#8221;{}&#8221; custom_padding__hover=&#8221;|||&#8221;][et_pb_text admin_label=&#8221;Text&#8221; _builder_version=&#8221;4.16&#8243; background_size=&#8221;initial&#8221; background_position=&#8221;top_left&#8221; background_repeat=&#8221;repeat&#8221; use_border_color=&#8221;off&#8221; border_color=&#8221;#ffffff&#8221; border_style=&#8221;solid&#8221; global_colors_info=&#8221;{}&#8221;]<\/p>\n<h3><strong>All applications must be submitted to:<\/strong><\/h3>\n<address><strong>Office of the Fayette County Sheriff<\/strong><br \/> Attention: Melony Cox<br \/> Director of Human Resources<br \/> 150 North Limestone, Suite 265<br \/> Lexington, Kentucky 40507<\/address>\n<p>[\/et_pb_text][\/et_pb_column][\/et_pb_row][\/et_pb_section][et_pb_section fb_built=&#8221;1&#8243; custom_padding_last_edited=&#8221;on|desktop&#8221; admin_label=&#8221;Section&#8221; _builder_version=&#8221;3.22&#8243; background_color=&#8221;#eeeeee&#8221; custom_padding_tablet=&#8221;50px|0|50px|0&#8243; transparent_background=&#8221;off&#8221; padding_mobile=&#8221;off&#8221; make_fullwidth=&#8221;off&#8221; use_custom_width=&#8221;off&#8221; width_unit=&#8221;on&#8221; global_module=&#8221;798&#8243; global_colors_info=&#8221;{}&#8221; custom_padding_phone=&#8221;50px|0|50px|0&#8243;][et_pb_row padding_mobile=&#8221;off&#8221; column_padding_mobile=&#8221;on&#8221; _builder_version=&#8221;4.16&#8243; background_size=&#8221;initial&#8221; background_position=&#8221;top_left&#8221; background_repeat=&#8221;repeat&#8221; global_colors_info=&#8221;{}&#8221;][et_pb_column type=&#8221;4_4&#8243; _builder_version=&#8221;4.16&#8243; custom_padding=&#8221;|||&#8221; global_colors_info=&#8221;{}&#8221; custom_padding__hover=&#8221;|||&#8221;][et_pb_text admin_label=&#8221;Footer w\/ Copyright Notice&#8221; _builder_version=&#8221;4.17.3&#8243; text_font_size=&#8221;12&#8243; background_color=&#8221;#eeeeee&#8221; background_size=&#8221;initial&#8221; background_position=&#8221;top_left&#8221; background_repeat=&#8221;repeat&#8221; text_orientation=&#8221;justified&#8221; use_border_color=&#8221;off&#8221; border_color=&#8221;#ffffff&#8221; border_style=&#8221;solid&#8221; global_colors_info=&#8221;{}&#8221;]<\/p>\n<p>\u00a9 Office of the Fayette County Sheriff 2019<br \/>NOTICE: The use or copying of the LOGO OR BADGE of the Fayette County Sheriff&#8217;s Office (FCSO) is restricted by law and may be used only with written permission of the FCSO. You may NOT download, use, disseminate, publish or copy the seal, star, mark, logo or badge displayed on this Web site without written permission from the FCSO; they are registered service marks owned by the FCSO. You may not remove or obscure the trademark\/copyright notice(s) contained in the materials in this Website. Copyright and trademark infringement are violations of federal law and subject to criminal and civil penalties.<\/p>\n<p>[\/et_pb_text][\/et_pb_column][\/et_pb_row][\/et_pb_section]<\/p>\n","protected":false},"excerpt":{"rendered":"<p>Kathy H. WittSheriff 150 N. Limestone, Suite 265 Lexington, KY 40507 TEL: (859) 252-1771 FAX: 859-259-0973 fayettesheriff@fayettesheriff.com \u0627\u0628\u0642 \u0639\u0644\u0649 \u0627\u0637\u0644\u0627\u0639 \u062f\u0627\u0626\u0645 \u0628\u062c\u0645\u064a\u0639 \u0627\u0644\u0643\u0627\u0632\u064a\u0646\u0648\u0647\u0627\u062a \u0627\u0644\u062c\u062f\u064a\u062f\u0629 \u0639\u0644\u0649 \u0627\u0644\u0625\u0646\u062a\u0631\u0646\u062a \u0639\u0644\u0649 \u0645\u0648\u0642\u0639\u0646\u0627 -1xbet casino ! Juegue al casino en l\u00ednea sin riesgos &#8211; Pinnacle ! Greatwin -Kommen Sie und melden Sie sich an, ein gutes Spiel wartet bereits auf [&hellip;]<\/p>\n","protected":false},"author":2,"featured_media":0,"parent":0,"menu_order":11,"comment_status":"closed","ping_status":"closed","template":"","meta":{"_et_pb_use_builder":"on","_et_pb_old_content":"","_et_gb_content_width":"","footnotes":""},"class_list":["post-7","page","type-page","status-publish","hentry"],"_links":{"self":[{"href":"https:\/\/www.fayettesheriff.com\/index.php?rest_route=\/wp\/v2\/pages\/7","targetHints":{"allow":["GET"]}}],"collection":[{"href":"https:\/\/www.fayettesheriff.com\/index.php?rest_route=\/wp\/v2\/pages"}],"about":[{"href":"https:\/\/www.fayettesheriff.com\/index.php?rest_route=\/wp\/v2\/types\/page"}],"author":[{"embeddable":true,"href":"https:\/\/www.fayettesheriff.com\/index.php?rest_route=\/wp\/v2\/users\/2"}],"replies":[{"embeddable":true,"href":"https:\/\/www.fayettesheriff.com\/index.php?rest_route=%2Fwp%2Fv2%2Fcomments&post=7"}],"version-history":[{"count":1,"href":"https:\/\/www.fayettesheriff.com\/index.php?rest_route=\/wp\/v2\/pages\/7\/revisions"}],"predecessor-version":[{"id":2362,"href":"https:\/\/www.fayettesheriff.com\/index.php?rest_route=\/wp\/v2\/pages\/7\/revisions\/2362"}],"wp:attachment":[{"href":"https:\/\/www.fayettesheriff.com\/index.php?rest_route=%2Fwp%2Fv2%2Fmedia&parent=7"}],"curies":[{"name":"wp","href":"https:\/\/api.w.org\/{rel}","templated":true}]}}