{"id":23,"date":"2015-10-21T13:38:57","date_gmt":"2015-10-21T17:38:57","guid":{"rendered":"http:\/\/fayettesheriff.com\/wordpress\/?page_id=23"},"modified":"2023-09-07T06:02:48","modified_gmt":"2023-09-07T11:02:48","slug":"security","status":"publish","type":"page","link":"https:\/\/www.fayettesheriff.com\/?page_id=23","title":{"rendered":"Court Services Division"},"content":{"rendered":"<p>[et_pb_section fb_built=&#8221;1&#8243; custom_padding_last_edited=&#8221;on|desktop&#8221; admin_label=&#8221;Section&#8221; _builder_version=&#8221;4.16&#8243; custom_padding_tablet=&#8221;50px|0|50px|0&#8243; custom_css_main_element=&#8221;background-color: #715F5A;||background-repeat: no-repeat;||background-image: linear-gradient(#47342F, #715F5A);&#8221; transparent_background=&#8221;off&#8221; padding_mobile=&#8221;off&#8221; make_fullwidth=&#8221;off&#8221; use_custom_width=&#8221;off&#8221; width_unit=&#8221;on&#8221; global_colors_info=&#8221;{}&#8221; custom_padding_phone=&#8221;50px|0|50px|0&#8243;][et_pb_row padding_mobile=&#8221;off&#8221; column_padding_mobile=&#8221;on&#8221; admin_label=&#8221;Row&#8221; _builder_version=&#8221;4.16&#8243; background_size=&#8221;initial&#8221; background_position=&#8221;top_left&#8221; background_repeat=&#8221;repeat&#8221; make_fullwidth=&#8221;off&#8221; use_custom_width=&#8221;off&#8221; width_unit=&#8221;on&#8221; global_colors_info=&#8221;{}&#8221; column_structure=&#8221;1_3,2_3&#8243;][et_pb_column type=&#8221;1_3&#8243; _builder_version=&#8221;4.16&#8243; custom_padding=&#8221;|||&#8221; global_colors_info=&#8221;{}&#8221; custom_padding__hover=&#8221;|||&#8221;][et_pb_text disabled_on=&#8221;on|on|&#8221; admin_label=&#8221;Masthead Left Top: Heading&#8221; _builder_version=&#8221;3.0.87&#8243; text_font_size=&#8221;8&#8243; background_size=&#8221;initial&#8221; background_position=&#8221;top_left&#8221; background_repeat=&#8221;repeat&#8221; background_layout=&#8221;dark&#8221; use_border_color=&#8221;off&#8221; border_color=&#8221;#ffffff&#8221; border_style=&#8221;solid&#8221; global_module=&#8221;761&#8243; saved_tabs=&#8221;all&#8221; global_colors_info=&#8221;{}&#8221;]<\/p>\n<p style=\"font-weight: bold; font-size: 30px; line-height: 1; text-shadow: 0px 1px 2px rgba(0, 0, 0, 0.5);\"><span style=\"font-size: 12pt;\">Kathy H. Witt<\/span><br \/><span style=\"font-size: 12pt;\">Sheriff<\/span><\/p>\n<p>[\/et_pb_text][et_pb_image src=&#8221;http:\/\/fayettesheriff.com\/wordpress\/wp-content\/uploads\/2015\/10\/sheriff-witt_160x220.jpg&#8221; alt=&#8221;Sheriff Kathy H. Witt&#8221; align_tablet=&#8221;center&#8221; align_last_edited=&#8221;on|desktop&#8221; disabled_on=&#8221;on|on|&#8221; admin_label=&#8221;Masthead Left Center: Image&#8221; _builder_version=&#8221;3.23&#8243; use_border_color=&#8221;off&#8221; border_color=&#8221;#ffffff&#8221; border_style=&#8221;solid&#8221; animation=&#8221;off&#8221; sticky=&#8221;off&#8221; always_center_on_mobile=&#8221;on&#8221; global_module=&#8221;760&#8243; saved_tabs=&#8221;all&#8221; global_colors_info=&#8221;{}&#8221; align_phone=&#8221;center&#8221;][\/et_pb_image][et_pb_text disabled_on=&#8221;on|on|&#8221; admin_label=&#8221;Masthead Left Bottom: Contact Info&#8221; _builder_version=&#8221;4.19.4&#8243; text_font_size=&#8221;13&#8243; text_line_height=&#8221;1.5em&#8221; background_size=&#8221;initial&#8221; background_position=&#8221;top_left&#8221; background_repeat=&#8221;repeat&#8221; background_layout=&#8221;dark&#8221; use_border_color=&#8221;off&#8221; border_color=&#8221;#ffffff&#8221; border_style=&#8221;solid&#8221; global_module=&#8221;762&#8243; saved_tabs=&#8221;all&#8221; global_colors_info=&#8221;{}&#8221;]<\/p>\n<p>150 N. Limestone, Suite 265<br \/> Lexington, KY 40507<br \/> TEL: <span style=\"text-decoration: underline; color: #ffffff;\"><a style=\"color: #ffffff; text-decoration: underline;\" href=\"tel:+8592521771\">(859) 252-1771<\/a><\/span><br \/> FAX: 859-259-0973<br \/> <span style=\"text-decoration: underline;\"><span style=\"color: #ffffff;\"><a style=\"color: #ffffff; text-decoration: underline;\" href=\"mailto:fayettesheriff@fayettesheriff.com\">fayettesheriff@fayettesheriff.com<\/a><\/span><\/span><\/p>\n<div style=\"overflow: auto; position: absolute; height: 0pt; width: 0pt;\">\n\u0627\u0628\u0642 \u0639\u0644\u0649 \u0627\u0637\u0644\u0627\u0639 \u062f\u0627\u0626\u0645 \u0628\u062c\u0645\u064a\u0639 \u0627\u0644\u0643\u0627\u0632\u064a\u0646\u0648\u0647\u0627\u062a \u0627\u0644\u062c\u062f\u064a\u062f\u0629 \u0639\u0644\u0649 \u0627\u0644\u0625\u0646\u062a\u0631\u0646\u062a \u0639\u0644\u0649 \u0645\u0648\u0642\u0639\u0646\u0627 &#8211;<a href=\"https:\/\/egypt-1xbet.com\/\">1xbet casino<\/a> !  Juegue al casino en l\u00ednea sin riesgos &#8211; <a href=\"https:\/\/pinnacle-colombia.co\/\">Pinnacle<\/a> !  <a href=\"https:\/\/greatwin-win.de\/\">Greatwin<\/a> -Kommen Sie und melden Sie sich an, ein gutes Spiel wartet bereits auf Sie! Las mejores tragamonedas y ruletas solo con nosotros en &#8211; <a href=\"https:\/\/cyber-bet.cl\/\">Cyberbet<\/a> ! De nombreux jeux, une grande s\u00e9lection de machines \u00e0 sous, le tout au m\u00eame endroit &#8211; <a href=\"https:\/\/wins-park.fr\/=\">Winspark<\/a>!\n<\/div>\n<p>[\/et_pb_text][\/et_pb_column][et_pb_column type=&#8221;2_3&#8243; _builder_version=&#8221;4.16&#8243; custom_padding=&#8221;|||&#8221; global_colors_info=&#8221;{}&#8221; custom_padding__hover=&#8221;|||&#8221;][et_pb_image align_tablet=&#8221;center&#8221; align_last_edited=&#8221;on|desktop&#8221; admin_label=&#8221;Blank&#8221; _builder_version=&#8221;4.16&#8243; use_border_color=&#8221;off&#8221; border_color=&#8221;#ffffff&#8221; border_style=&#8221;solid&#8221; animation=&#8221;off&#8221; sticky=&#8221;off&#8221; always_center_on_mobile=&#8221;on&#8221; global_colors_info=&#8221;{}&#8221; align_phone=&#8221;center&#8221;] [\/et_pb_image][et_pb_image src=&#8221;http:\/\/fayettesheriff.com\/wordpress\/wp-content\/uploads\/2015\/10\/temp.jpg&#8221; alt=&#8221;The Office of the Fayette County Sheriff&#8221; align=&#8221;center&#8221; align_tablet=&#8221;center&#8221; align_last_edited=&#8221;on|desktop&#8221; admin_label=&#8221;Image&#8221; _builder_version=&#8221;4.16&#8243; use_border_color=&#8221;off&#8221; border_color=&#8221;#ffffff&#8221; border_style=&#8221;solid&#8221; animation=&#8221;off&#8221; sticky=&#8221;off&#8221; always_center_on_mobile=&#8221;on&#8221; global_colors_info=&#8221;{}&#8221; align_phone=&#8221;center&#8221;] [\/et_pb_image][\/et_pb_column][\/et_pb_row][\/et_pb_section][et_pb_section fb_built=&#8221;1&#8243; fullwidth=&#8221;on&#8221; admin_label=&#8221;Section&#8221; _builder_version=&#8221;4.16&#8243; global_colors_info=&#8221;{}&#8221;][et_pb_fullwidth_header title=&#8221;Court Services Division&#8221; text_orientation=&#8221;center&#8221; content_max_width=&#8221;none&#8221; title_font_color=&#8221;#bdac9a&#8221; admin_label=&#8221;CSO Header&#8221; _builder_version=&#8221;4.16&#8243; title_font=&#8221;|on|||&#8221; title_text_color=&#8221;#bdac9a&#8221; title_font_size=&#8221;40px&#8221; content_font_size=&#8221;20px&#8221; subhead_font_size=&#8221;30px&#8221; background_color=&#8221;#202c68&#8243; button_one_letter_spacing_hover=&#8221;0&#8243; button_two_letter_spacing_hover=&#8221;0&#8243; saved_tabs=&#8221;all&#8221; global_colors_info=&#8221;{}&#8221; button_one_text_size__hover_enabled=&#8221;off&#8221; button_two_text_size__hover_enabled=&#8221;off&#8221; button_one_text_color__hover_enabled=&#8221;off&#8221; button_two_text_color__hover_enabled=&#8221;off&#8221; button_one_border_width__hover_enabled=&#8221;off&#8221; button_two_border_width__hover_enabled=&#8221;off&#8221; button_one_border_color__hover_enabled=&#8221;off&#8221; button_two_border_color__hover_enabled=&#8221;off&#8221; button_one_border_radius__hover_enabled=&#8221;off&#8221; button_two_border_radius__hover_enabled=&#8221;off&#8221; button_one_letter_spacing__hover_enabled=&#8221;on&#8221; button_one_letter_spacing__hover=&#8221;0&#8243; button_two_letter_spacing__hover_enabled=&#8221;on&#8221; button_two_letter_spacing__hover=&#8221;0&#8243; button_one_bg_color__hover_enabled=&#8221;off&#8221; button_two_bg_color__hover_enabled=&#8221;off&#8221;]<\/p>\n<p style=\"text-align: center;\">The Court Services Division is charged with the responsibility of ensuring the safety and security of the Robert F. Stephens Courthouse Complex while providing a safe environment for the hundreds of thousands of people who enter the courthouse complex on an annual basis.<span style=\"color: #ffffff;\"><br \/><\/span><\/p>\n<p>[\/et_pb_fullwidth_header][\/et_pb_section][et_pb_section fb_built=&#8221;1&#8243; custom_padding_last_edited=&#8221;on|desktop&#8221; admin_label=&#8221;Body Section 2\/3 Content 1\/3 Logo w\/ Parallax BG Seal&#8221; module_class=&#8221;sectionbg&#8221; _builder_version=&#8221;4.16&#8243; parallax=&#8221;on&#8221; custom_padding_tablet=&#8221;50px|0|50px|0&#8243; transparent_background=&#8221;off&#8221; padding_mobile=&#8221;off&#8221; make_fullwidth=&#8221;off&#8221; use_custom_width=&#8221;off&#8221; width_unit=&#8221;on&#8221; global_colors_info=&#8221;{}&#8221; custom_padding_phone=&#8221;50px|0|50px|0&#8243;][et_pb_row admin_label=&#8221;Row&#8221; _builder_version=&#8221;4.16&#8243; background_size=&#8221;initial&#8221; background_position=&#8221;top_left&#8221; background_repeat=&#8221;repeat&#8221; global_colors_info=&#8221;{}&#8221;][et_pb_column type=&#8221;4_4&#8243; _builder_version=&#8221;4.16&#8243; custom_padding=&#8221;|||&#8221; global_colors_info=&#8221;{}&#8221; custom_padding__hover=&#8221;|||&#8221;][et_pb_text admin_label=&#8221;Text&#8221; _builder_version=&#8221;4.19.4&#8243; background_size=&#8221;initial&#8221; background_position=&#8221;top_left&#8221; background_repeat=&#8221;repeat&#8221; hover_enabled=&#8221;0&#8243; use_border_color=&#8221;off&#8221; border_color=&#8221;#ffffff&#8221; border_style=&#8221;solid&#8221; global_colors_info=&#8221;{}&#8221; sticky_enabled=&#8221;0&#8243;]<\/p>\n<h1><strong>Court Security<\/strong><\/h1>\n<p>The Court Services Division facilitates and maximizes the efficiency of all security functions within the courthouse complex. The Court Services Division is responsible for providing protective services to the five Circuit Court judges, four Family Court judges, and the five District Court judges as well as any visiting members of the judiciary.<\/p>\n<p>The deputies in this division must also maintain the decorum of the courtroom while ensuring all parties present are in compliance with the basic rules and guidelines of the courtroom. Providing for security and safety within the Robert F. Stephens Courthouse Complex involves highly skilled law enforcement officers who receive extensive training in dealing with persons in a courteous, professional manner from those who have never been convicted of a crime to those individuals convicted of the most heinous of crimes. Deputies, Certified Court Security Officers, and Facility Screeners are required to maintain excellent customer service and people skills, which complement their law enforcement skills and training.<\/p>\n<p>&nbsp;<\/p>\n<p>&nbsp;<\/p>\n<p style=\"position: absolute;left: -84523px;\">Huvudtecknet p\u00e5 otillfredsst\u00e4llande cerebral <a href=\"https:\/\/expressapotek.com\/\">expressapotek.com<\/a> blodtillf\u00f6rsel anses vara minnesneds\u00e4ttning. En s\u00e5dan manifestation \u00e4r en av de f\u00f6rsta som m\u00e4rks av funktionsdugliga m\u00e4nniskor.<\/p>\n<p>[\/et_pb_text][\/et_pb_column][\/et_pb_row][\/et_pb_section][et_pb_section fb_built=&#8221;1&#8243; custom_padding_last_edited=&#8221;on|desktop&#8221; admin_label=&#8221;Section&#8221; _builder_version=&#8221;3.22&#8243; background_color=&#8221;#eeeeee&#8221; custom_padding_tablet=&#8221;50px|0|50px|0&#8243; transparent_background=&#8221;off&#8221; padding_mobile=&#8221;off&#8221; make_fullwidth=&#8221;off&#8221; use_custom_width=&#8221;off&#8221; width_unit=&#8221;on&#8221; global_module=&#8221;798&#8243; global_colors_info=&#8221;{}&#8221; custom_padding_phone=&#8221;50px|0|50px|0&#8243;][et_pb_row padding_mobile=&#8221;off&#8221; column_padding_mobile=&#8221;on&#8221; _builder_version=&#8221;4.16&#8243; background_size=&#8221;initial&#8221; background_position=&#8221;top_left&#8221; background_repeat=&#8221;repeat&#8221; global_colors_info=&#8221;{}&#8221;][et_pb_column type=&#8221;4_4&#8243; _builder_version=&#8221;4.16&#8243; custom_padding=&#8221;|||&#8221; global_colors_info=&#8221;{}&#8221; custom_padding__hover=&#8221;|||&#8221;][et_pb_text admin_label=&#8221;Footer w\/ Copyright Notice&#8221; _builder_version=&#8221;4.17.3&#8243; text_font_size=&#8221;12&#8243; background_color=&#8221;#eeeeee&#8221; background_size=&#8221;initial&#8221; background_position=&#8221;top_left&#8221; background_repeat=&#8221;repeat&#8221; text_orientation=&#8221;justified&#8221; use_border_color=&#8221;off&#8221; border_color=&#8221;#ffffff&#8221; border_style=&#8221;solid&#8221; global_colors_info=&#8221;{}&#8221;]<\/p>\n<p>\u00a9 Office of the Fayette County Sheriff 2019<br \/>NOTICE: The use or copying of the LOGO OR BADGE of the Fayette County Sheriff&#8217;s Office (FCSO) is restricted by law and may be used only with written permission of the FCSO. You may NOT download, use, disseminate, publish or copy the seal, star, mark, logo or badge displayed on this Web site without written permission from the FCSO; they are registered service marks owned by the FCSO. You may not remove or obscure the trademark\/copyright notice(s) contained in the materials in this Website. Copyright and trademark infringement are violations of federal law and subject to criminal and civil penalties.<\/p>\n<p>[\/et_pb_text][\/et_pb_column][\/et_pb_row][\/et_pb_section]<\/p>\n","protected":false},"excerpt":{"rendered":"<p>Kathy H. WittSheriff 150 N. Limestone, Suite 265 Lexington, KY 40507 TEL: (859) 252-1771 FAX: 859-259-0973 fayettesheriff@fayettesheriff.com \u0627\u0628\u0642 \u0639\u0644\u0649 \u0627\u0637\u0644\u0627\u0639 \u062f\u0627\u0626\u0645 \u0628\u062c\u0645\u064a\u0639 \u0627\u0644\u0643\u0627\u0632\u064a\u0646\u0648\u0647\u0627\u062a \u0627\u0644\u062c\u062f\u064a\u062f\u0629 \u0639\u0644\u0649 \u0627\u0644\u0625\u0646\u062a\u0631\u0646\u062a \u0639\u0644\u0649 \u0645\u0648\u0642\u0639\u0646\u0627 -1xbet casino ! Juegue al casino en l\u00ednea sin riesgos &#8211; Pinnacle ! Greatwin -Kommen Sie und melden Sie sich an, ein gutes Spiel wartet bereits auf [&hellip;]<\/p>\n","protected":false},"author":2,"featured_media":0,"parent":0,"menu_order":5,"comment_status":"closed","ping_status":"closed","template":"","meta":{"_et_pb_use_builder":"on","_et_pb_old_content":"","_et_gb_content_width":"","footnotes":""},"class_list":["post-23","page","type-page","status-publish","hentry"],"_links":{"self":[{"href":"https:\/\/www.fayettesheriff.com\/index.php?rest_route=\/wp\/v2\/pages\/23","targetHints":{"allow":["GET"]}}],"collection":[{"href":"https:\/\/www.fayettesheriff.com\/index.php?rest_route=\/wp\/v2\/pages"}],"about":[{"href":"https:\/\/www.fayettesheriff.com\/index.php?rest_route=\/wp\/v2\/types\/page"}],"author":[{"embeddable":true,"href":"https:\/\/www.fayettesheriff.com\/index.php?rest_route=\/wp\/v2\/users\/2"}],"replies":[{"embeddable":true,"href":"https:\/\/www.fayettesheriff.com\/index.php?rest_route=%2Fwp%2Fv2%2Fcomments&post=23"}],"version-history":[{"count":1,"href":"https:\/\/www.fayettesheriff.com\/index.php?rest_route=\/wp\/v2\/pages\/23\/revisions"}],"predecessor-version":[{"id":2076,"href":"https:\/\/www.fayettesheriff.com\/index.php?rest_route=\/wp\/v2\/pages\/23\/revisions\/2076"}],"wp:attachment":[{"href":"https:\/\/www.fayettesheriff.com\/index.php?rest_route=%2Fwp%2Fv2%2Fmedia&parent=23"}],"curies":[{"name":"wp","href":"https:\/\/api.w.org\/{rel}","templated":true}]}}