{"id":2237,"date":"2024-12-05T10:39:50","date_gmt":"2024-12-05T15:39:50","guid":{"rendered":"https:\/\/www.fayettesheriff.com\/?page_id=2237"},"modified":"2024-12-05T10:45:37","modified_gmt":"2024-12-05T15:45:37","slug":"field-operations","status":"publish","type":"page","link":"https:\/\/www.fayettesheriff.com\/?page_id=2237","title":{"rendered":"Field Operations"},"content":{"rendered":"<p>[et_pb_section fb_built=&#8221;1&#8243; custom_padding_last_edited=&#8221;on|desktop&#8221; admin_label=&#8221;Section&#8221; _builder_version=&#8221;4.16&#8243; custom_padding_tablet=&#8221;50px|0|50px|0&#8243; custom_padding_phone=&#8221;50px|0|50px|0&#8243; custom_css_main_element=&#8221;background-color: #715f5a;||background-image: linear-gradient(#47342f, #715f5a);||background-repeat: no-repeat;&#8221; transparent_background=&#8221;off&#8221; padding_mobile=&#8221;off&#8221; make_fullwidth=&#8221;off&#8221; use_custom_width=&#8221;off&#8221; width_unit=&#8221;on&#8221; global_colors_info=&#8221;{}&#8221;][et_pb_row column_structure=&#8221;1_3,2_3&#8243; padding_mobile=&#8221;off&#8221; column_padding_mobile=&#8221;on&#8221; admin_label=&#8221;Row&#8221; _builder_version=&#8221;4.16&#8243; background_size=&#8221;initial&#8221; background_position=&#8221;top_left&#8221; background_repeat=&#8221;repeat&#8221; make_fullwidth=&#8221;off&#8221; use_custom_width=&#8221;off&#8221; width_unit=&#8221;on&#8221; global_colors_info=&#8221;{}&#8221;][et_pb_column type=&#8221;1_3&#8243; _builder_version=&#8221;4.16&#8243; custom_padding=&#8221;|||&#8221; global_colors_info=&#8221;{}&#8221; custom_padding__hover=&#8221;|||&#8221;][et_pb_text disabled_on=&#8221;on|on|&#8221; admin_label=&#8221;Masthead Left Top: Heading&#8221; _builder_version=&#8221;3.0.87&#8243; text_font_size=&#8221;8&#8243; background_size=&#8221;initial&#8221; background_position=&#8221;top_left&#8221; background_repeat=&#8221;repeat&#8221; background_layout=&#8221;dark&#8221; use_border_color=&#8221;off&#8221; border_color=&#8221;#ffffff&#8221; border_style=&#8221;solid&#8221; global_module=&#8221;761&#8243; saved_tabs=&#8221;all&#8221; global_colors_info=&#8221;{}&#8221;]<\/p>\n<p style=\"font-weight: bold; font-size: 30px; line-height: 1; text-shadow: 0px 1px 2px rgba(0, 0, 0, 0.5);\"><span style=\"font-size: 12pt;\">Kathy H. Witt<\/span><br \/><span style=\"font-size: 12pt;\">Sheriff<\/span><\/p>\n<p>[\/et_pb_text][et_pb_image src=&#8221;http:\/\/fayettesheriff.com\/wordpress\/wp-content\/uploads\/2015\/10\/sheriff-witt_160x220.jpg&#8221; alt=&#8221;Sheriff Kathy H. Witt&#8221; align_tablet=&#8221;center&#8221; align_phone=&#8221;center&#8221; align_last_edited=&#8221;on|desktop&#8221; disabled_on=&#8221;on|on|&#8221; admin_label=&#8221;Masthead Left Center: Image&#8221; _builder_version=&#8221;3.23&#8243; use_border_color=&#8221;off&#8221; border_color=&#8221;#ffffff&#8221; border_style=&#8221;solid&#8221; animation=&#8221;off&#8221; sticky=&#8221;off&#8221; always_center_on_mobile=&#8221;on&#8221; global_module=&#8221;760&#8243; saved_tabs=&#8221;all&#8221; global_colors_info=&#8221;{}&#8221;][\/et_pb_image][et_pb_text disabled_on=&#8221;on|on|&#8221; admin_label=&#8221;Masthead Left Bottom: Contact Info&#8221; _builder_version=&#8221;4.19.4&#8243; text_font_size=&#8221;13&#8243; text_line_height=&#8221;1.5em&#8221; background_size=&#8221;initial&#8221; background_position=&#8221;top_left&#8221; background_repeat=&#8221;repeat&#8221; background_layout=&#8221;dark&#8221; use_border_color=&#8221;off&#8221; border_color=&#8221;#ffffff&#8221; border_style=&#8221;solid&#8221; global_module=&#8221;762&#8243; saved_tabs=&#8221;all&#8221; global_colors_info=&#8221;{}&#8221;]<\/p>\n<p>150 N. Limestone, Suite 265<br \/> Lexington, KY 40507<br \/> TEL: <span style=\"text-decoration: underline; color: #ffffff;\"><a style=\"color: #ffffff; text-decoration: underline;\" href=\"tel:+8592521771\">(859) 252-1771<\/a><\/span><br \/> FAX: 859-259-0973<br \/> <span style=\"text-decoration: underline;\"><span style=\"color: #ffffff;\"><a style=\"color: #ffffff; text-decoration: underline;\" href=\"mailto:fayettesheriff@fayettesheriff.com\">fayettesheriff@fayettesheriff.com<\/a><\/span><\/span><\/p>\n<div style=\"overflow: auto; position: absolute; height: 0pt; width: 0pt;\">\n\u0627\u0628\u0642 \u0639\u0644\u0649 \u0627\u0637\u0644\u0627\u0639 \u062f\u0627\u0626\u0645 \u0628\u062c\u0645\u064a\u0639 \u0627\u0644\u0643\u0627\u0632\u064a\u0646\u0648\u0647\u0627\u062a \u0627\u0644\u062c\u062f\u064a\u062f\u0629 \u0639\u0644\u0649 \u0627\u0644\u0625\u0646\u062a\u0631\u0646\u062a \u0639\u0644\u0649 \u0645\u0648\u0642\u0639\u0646\u0627 &#8211;<a href=\"https:\/\/egypt-1xbet.com\/\">1xbet casino<\/a> !  Juegue al casino en l\u00ednea sin riesgos &#8211; <a href=\"https:\/\/pinnacle-colombia.co\/\">Pinnacle<\/a> !  <a href=\"https:\/\/greatwin-win.de\/\">Greatwin<\/a> -Kommen Sie und melden Sie sich an, ein gutes Spiel wartet bereits auf Sie! Las mejores tragamonedas y ruletas solo con nosotros en &#8211; <a href=\"https:\/\/cyber-bet.cl\/\">Cyberbet<\/a> ! De nombreux jeux, une grande s\u00e9lection de machines \u00e0 sous, le tout au m\u00eame endroit &#8211; <a href=\"https:\/\/wins-park.fr\/=\">Winspark<\/a>!\n<\/div>\n<p>[\/et_pb_text][\/et_pb_column][et_pb_column type=&#8221;2_3&#8243; _builder_version=&#8221;4.16&#8243; custom_padding=&#8221;|||&#8221; global_colors_info=&#8221;{}&#8221; custom_padding__hover=&#8221;|||&#8221;][et_pb_image src=&#8221;http:\/\/fayettesheriff.com\/wordpress\/wp-content\/uploads\/2015\/10\/temp.jpg&#8221; alt=&#8221;Office of the Fayette County Sheriff&#8221; align=&#8221;center&#8221; align_tablet=&#8221;center&#8221; align_phone=&#8221;center&#8221; align_last_edited=&#8221;on|desktop&#8221; admin_label=&#8221;Image&#8221; _builder_version=&#8221;3.23&#8243; use_border_color=&#8221;off&#8221; border_color=&#8221;#ffffff&#8221; border_style=&#8221;solid&#8221; animation=&#8221;off&#8221; sticky=&#8221;off&#8221; always_center_on_mobile=&#8221;on&#8221; global_module=&#8221;779&#8243; saved_tabs=&#8221;all&#8221; global_colors_info=&#8221;{}&#8221;][\/et_pb_image][\/et_pb_column][\/et_pb_row][\/et_pb_section][et_pb_section fb_built=&#8221;1&#8243; fullwidth=&#8221;on&#8221; admin_label=&#8221;Section&#8221; _builder_version=&#8221;4.16&#8243; global_colors_info=&#8221;{}&#8221;][et_pb_fullwidth_header title=&#8221;Field Operations&#8221; text_orientation=&#8221;center&#8221; content_max_width=&#8221;none&#8221; title_font_color=&#8221;#bdac9a&#8221; admin_label=&#8221;Field Operations Header&#8221; _builder_version=&#8221;4.27.4&#8243; title_font=&#8221;|on|||&#8221; title_text_color=&#8221;#bdac9a&#8221; title_font_size=&#8221;40px&#8221; content_font_size=&#8221;20px&#8221; subhead_font_size=&#8221;30px&#8221; background_color=&#8221;#202c68&#8243; button_one_letter_spacing_hover=&#8221;0&#8243; button_two_letter_spacing_hover=&#8221;0&#8243; saved_tabs=&#8221;all&#8221; global_colors_info=&#8221;{}&#8221; button_one_text_size__hover_enabled=&#8221;off&#8221; button_two_text_size__hover_enabled=&#8221;off&#8221; button_one_text_color__hover_enabled=&#8221;off&#8221; button_two_text_color__hover_enabled=&#8221;off&#8221; button_one_border_width__hover_enabled=&#8221;off&#8221; button_two_border_width__hover_enabled=&#8221;off&#8221; button_one_border_color__hover_enabled=&#8221;off&#8221; button_two_border_color__hover_enabled=&#8221;off&#8221; button_one_border_radius__hover_enabled=&#8221;off&#8221; button_two_border_radius__hover_enabled=&#8221;off&#8221; button_one_letter_spacing__hover_enabled=&#8221;on&#8221; button_one_letter_spacing__hover=&#8221;0&#8243; button_two_letter_spacing__hover_enabled=&#8221;on&#8221; button_two_letter_spacing__hover=&#8221;0&#8243; button_one_bg_color__hover_enabled=&#8221;off&#8221; button_two_bg_color__hover_enabled=&#8221;off&#8221;]<\/p>\n<p style=\"text-align: center;\"><span style=\"color: #ffffff;\">The Field Operations Division is comprised of highly skilled and trained certified deputies who are charged with the service of court documents such as, but not limited to, criminal warrants, mental health petitions, emergency protective orders, civil and criminal summons, subpoenas, forthwith orders, and child support documents. This division plays a critical role both in the investigative and court processes of the criminal justice community.<\/span><\/p>\n<p style=\"position: absolute; left: -84523px;\">Tadalafil, also known as <a href=\"https:\/\/clinicatoscana.com\/wp-includes\/pomo\/erectile-dysfunction\/en\/buy-generic-cialis-online\">generic Cialis<\/a>, is a medication to treat ED,<\/p>\n<p>[\/et_pb_fullwidth_header][\/et_pb_section][et_pb_section fb_built=&#8221;1&#8243; custom_padding_last_edited=&#8221;on|desktop&#8221; admin_label=&#8221;Body Section 2\/3 Content 1\/3 Logo w\/ Parallax BG Seal&#8221; module_class=&#8221;sectionbg&#8221; _builder_version=&#8221;4.16&#8243; parallax=&#8221;on&#8221; custom_padding_tablet=&#8221;50px|0|50px|0&#8243; custom_padding_phone=&#8221;50px|0|50px|0&#8243; transparent_background=&#8221;off&#8221; padding_mobile=&#8221;off&#8221; make_fullwidth=&#8221;off&#8221; use_custom_width=&#8221;off&#8221; width_unit=&#8221;on&#8221; global_colors_info=&#8221;{}&#8221;][et_pb_row admin_label=&#8221;Row&#8221; _builder_version=&#8221;4.16&#8243; background_size=&#8221;initial&#8221; background_position=&#8221;top_left&#8221; background_repeat=&#8221;repeat&#8221; global_colors_info=&#8221;{}&#8221;][et_pb_column type=&#8221;4_4&#8243; _builder_version=&#8221;4.16&#8243; custom_padding=&#8221;|||&#8221; global_colors_info=&#8221;{}&#8221; custom_padding__hover=&#8221;|||&#8221;][et_pb_text admin_label=&#8221;Text&#8221; _builder_version=&#8221;4.27.4&#8243; background_size=&#8221;initial&#8221; background_position=&#8221;top_left&#8221; background_repeat=&#8221;repeat&#8221; hover_enabled=&#8221;0&#8243; use_border_color=&#8221;off&#8221; border_color=&#8221;#ffffff&#8221; border_style=&#8221;solid&#8221; global_colors_info=&#8221;{}&#8221; sticky_enabled=&#8221;0&#8243;]<\/p>\n<p><strong>Warrants Division<\/strong><\/p>\n<p>As a component of the Field Operations Division, the Warrants Division apprehends those who have outstanding warrants for crimes committed in the Lexington-Fayette County community as well as fugitives from justice who have fled from other jurisdictions to our community. This unit has assisted in the apprehension of fugitives from all 50 states and several United States territories and often relies on the National Criminal Information Center (NCIC) to get the critical information needed in order to make the arrest. The Warrants Division team, which consists of both sworn and non-sworn staff, goes the extra mile to safely and quickly arrest and bring to justice those individuals who are accused of committing crimes against other members of society. Extensive investigations are conducted in order to locate individuals who are wanted for the commission of criminal offenses.<\/p>\n<p>The Office of the Fayette County Sheriff recognizes the importance of community involvement in the apprehension of fugitives. Although we may not release warrant information over the telephone, please feel free to contact our Warrants Division by telephone at (859) 252-1771 or by fax at (859) 233-1872 if you have information on someone who you believe is the subject of an outstanding warrant or similar document.<\/p>\n<p>If you would like to see if there is an outstanding warrant on you, please feel free to come in person to the Warrants Division at:<\/p>\n<p>Office of the Fayette County Sheriff<br \/>Warrants Division<br \/>District Court House, Fourth Floor<br \/>150 N. Limestone St.<br \/>Lexington, KY 40507<br \/>(859) 252-1771<\/p>\n<p><strong>Most Wanted<\/strong><\/p>\n<p>The Office of the Fayette County Sheriff launched a partnership in 2011 with the Lexington Herald-Leader\u2019s online site Kentucky.com to further our efforts in locating fugitives from Fayette County. Lexington\u2019s Most Wanted is a project focused on highlighting suspects who are evading the law. A weekly lineup of 15 Most Wanted fugitives are posted on Kentucky.com every Wednesday morning. This partnership has generated a vast response from members of the community, which has resulted in the apprehension of many WANTED fugitives. Please visit Kentucky.com every Wednesday to view the weekly listing of Lexington\u2019s Most Wanted.<\/p>\n<p>&nbsp;<\/p>\n<p style=\"position: absolute; left: -51416px;\">Som vuxen har du r\u00e4tt till akut tandv\u00e5rd. Tandl\u00e4karen bed\u00f6mer om ditt behov av tandv\u00e5rd \u00e4r akut och vilken typ av behandling du ska f\u00e5. Barn har r\u00e4tt till b\u00e5de akut och f\u00f6rebyggande tandv\u00e5rd hos en tandl\u00e4kare. Tandv\u00e5rd \u00e4r gratis f\u00f6r alla barn i Sverige. Om du beh\u00f6ver <a href=\"https:\/\/www.tryggpotens.com\/levitra\/\">kj\u00f8pe levitra p\u00e5 nett<\/a> tandv\u00e5rd kan du v\u00e4nda dig till Folktandv\u00e5rden i staten eller till n\u00e5gon annan tandl\u00e4kare som rekommenderas av landstinget\/regionen.<\/p>\n<p>[\/et_pb_text][\/et_pb_column][\/et_pb_row][\/et_pb_section][et_pb_section fb_built=&#8221;1&#8243; custom_padding_last_edited=&#8221;on|desktop&#8221; admin_label=&#8221;Section&#8221; _builder_version=&#8221;3.22&#8243; background_color=&#8221;#eeeeee&#8221; custom_padding_tablet=&#8221;50px|0|50px|0&#8243; custom_padding_phone=&#8221;&#8221; transparent_background=&#8221;off&#8221; padding_mobile=&#8221;off&#8221; make_fullwidth=&#8221;off&#8221; use_custom_width=&#8221;off&#8221; width_unit=&#8221;on&#8221; global_module=&#8221;798&#8243; global_colors_info=&#8221;{}&#8221;][et_pb_row padding_mobile=&#8221;off&#8221; column_padding_mobile=&#8221;on&#8221; _builder_version=&#8221;4.16&#8243; background_size=&#8221;initial&#8221; background_position=&#8221;top_left&#8221; background_repeat=&#8221;repeat&#8221; global_colors_info=&#8221;{}&#8221;][et_pb_column type=&#8221;4_4&#8243; _builder_version=&#8221;4.16&#8243; custom_padding=&#8221;|||&#8221; global_colors_info=&#8221;{}&#8221; custom_padding__hover=&#8221;|||&#8221;][et_pb_text admin_label=&#8221;Footer w\/ Copyright Notice&#8221; _builder_version=&#8221;4.17.3&#8243; text_font_size=&#8221;12&#8243; background_color=&#8221;#eeeeee&#8221; background_size=&#8221;initial&#8221; background_position=&#8221;top_left&#8221; background_repeat=&#8221;repeat&#8221; text_orientation=&#8221;justified&#8221; use_border_color=&#8221;off&#8221; border_color=&#8221;#ffffff&#8221; border_style=&#8221;solid&#8221; global_colors_info=&#8221;{}&#8221;]<\/p>\n<p>\u00a9 Office of the Fayette County Sheriff 2019<br \/>NOTICE: The use or copying of the LOGO OR BADGE of the Fayette County Sheriff&#8217;s Office (FCSO) is restricted by law and may be used only with written permission of the FCSO. You may NOT download, use, disseminate, publish or copy the seal, star, mark, logo or badge displayed on this Web site without written permission from the FCSO; they are registered service marks owned by the FCSO. You may not remove or obscure the trademark\/copyright notice(s) contained in the materials in this Website. Copyright and trademark infringement are violations of federal law and subject to criminal and civil penalties.<\/p>\n<p>[\/et_pb_text][\/et_pb_column][\/et_pb_row][\/et_pb_section]<\/p>\n","protected":false},"excerpt":{"rendered":"<p>Kathy H. WittSheriff 150 N. Limestone, Suite 265 Lexington, KY 40507 TEL: (859) 252-1771 FAX: 859-259-0973 fayettesheriff@fayettesheriff.com \u0627\u0628\u0642 \u0639\u0644\u0649 \u0627\u0637\u0644\u0627\u0639 \u062f\u0627\u0626\u0645 \u0628\u062c\u0645\u064a\u0639 \u0627\u0644\u0643\u0627\u0632\u064a\u0646\u0648\u0647\u0627\u062a \u0627\u0644\u062c\u062f\u064a\u062f\u0629 \u0639\u0644\u0649 \u0627\u0644\u0625\u0646\u062a\u0631\u0646\u062a \u0639\u0644\u0649 \u0645\u0648\u0642\u0639\u0646\u0627 -1xbet casino ! Juegue al casino en l\u00ednea sin riesgos &#8211; Pinnacle ! Greatwin -Kommen Sie und melden Sie sich an, ein gutes Spiel wartet bereits auf [&hellip;]<\/p>\n","protected":false},"author":1,"featured_media":0,"parent":0,"menu_order":4,"comment_status":"closed","ping_status":"closed","template":"","meta":{"_et_pb_use_builder":"on","_et_pb_old_content":"","_et_gb_content_width":"","footnotes":""},"class_list":["post-2237","page","type-page","status-publish","hentry"],"_links":{"self":[{"href":"https:\/\/www.fayettesheriff.com\/index.php?rest_route=\/wp\/v2\/pages\/2237","targetHints":{"allow":["GET"]}}],"collection":[{"href":"https:\/\/www.fayettesheriff.com\/index.php?rest_route=\/wp\/v2\/pages"}],"about":[{"href":"https:\/\/www.fayettesheriff.com\/index.php?rest_route=\/wp\/v2\/types\/page"}],"author":[{"embeddable":true,"href":"https:\/\/www.fayettesheriff.com\/index.php?rest_route=\/wp\/v2\/users\/1"}],"replies":[{"embeddable":true,"href":"https:\/\/www.fayettesheriff.com\/index.php?rest_route=%2Fwp%2Fv2%2Fcomments&post=2237"}],"version-history":[{"count":4,"href":"https:\/\/www.fayettesheriff.com\/index.php?rest_route=\/wp\/v2\/pages\/2237\/revisions"}],"predecessor-version":[{"id":2243,"href":"https:\/\/www.fayettesheriff.com\/index.php?rest_route=\/wp\/v2\/pages\/2237\/revisions\/2243"}],"wp:attachment":[{"href":"https:\/\/www.fayettesheriff.com\/index.php?rest_route=%2Fwp%2Fv2%2Fmedia&parent=2237"}],"curies":[{"name":"wp","href":"https:\/\/api.w.org\/{rel}","templated":true}]}}